{"id":226,"date":"2025-01-17T15:38:59","date_gmt":"2025-01-17T14:38:59","guid":{"rendered":"http:\/\/localhost:8888\/fd-businessday\/tickets\/"},"modified":"2025-02-07T10:36:58","modified_gmt":"2025-02-07T09:36:58","slug":"tickets","status":"publish","type":"page","link":"https:\/\/ai-business-day.org\/fr\/tickets\/","title":{"rendered":"Invitation"},"content":{"rendered":"\r\n<section \r\n        id=\"ac-block_119f8a15654128475767cef61cba427d\" \r\n    class=\"spacing size-50\"\r\n    >\r\n<\/section>\r\n\n\n\r\n<section  id=\"ac-block_7d6ca1199f0670cd1e21ad86214f0097\" class=\"block-embed align-center\">\r\n\r\n    <div class=\"container\">\r\n                    <h1 class=\"title\"><p><em>Participer<\/em> au Business Day<\/p>\n<\/h1>\r\n        \r\n                <div class=\"content\">\r\n            <p>Int\u00e9gr\u00e9 au programme officiel du Sommet pour l\u2019action sur l\u2019IA, le Business Day r\u00e9unira plus de 3 000 participants, notamment des startups innovantes, des entreprises et responsables IA, des chercheurs, des investisseurs.<\/p>\n<p><strong><span class=\"notion-enable-hover\" data-token-index=\"0\">L\u2019\u00e9v\u00e9nement est complet.<\/span> <\/strong>Si vous n\u2019\u00eates pas en possession d\u2019une invitation \u00e0 votre nom avec QRCode, vous avez la possibilit\u00e9 de visionner depuis chez vous les conf\u00e9rences qui se d\u00e9rouleront sur la Master Stage. <a class=\"notion-link-token notion-focusable-token notion-enable-hover\" tabindex=\"0\" href=\"https:\/\/www.youtube.com\/@BusinessDay-AIActionSummit\" rel=\"noopener noreferrer\" data-token-index=\"2\"><span class=\"link-annotation-unknown-block-id--1745324291\">Rendez-vous sur notre cha\u00eene Youtube Mardi<\/span><\/a>. <!-- --> <!-- notionvc: 471618f0-2d64-405d-9851-0857182fdea4 --><\/p>\n<p>En cas de question, \u00e9crivez-nous \u00e0 l\u2019adresse suivante : <strong><a href=\"mailto:businessday@bpifrance.fr\" target=\"_blank\" rel=\"noopener\">businessday@bpifrance.fr<\/a><\/strong>.<\/p>\n        <\/div>\r\n        \r\n                <div class=\"embed\">\r\n                     <\/div>\r\n            <\/div>\r\n    \r\n<\/section>\r\n","protected":false},"excerpt":{"rendered":"","protected":false},"author":1,"featured_media":0,"parent":0,"menu_order":0,"comment_status":"closed","ping_status":"closed","template":"","meta":{"_acf_changed":false,"footnotes":""},"class_list":["post-226","page","type-page","status-publish","hentry"],"acf":[],"yoast_head":"<!-- This site is optimized with the Yoast SEO plugin v27.4 - https:\/\/yoast.com\/product\/yoast-seo-wordpress\/ -->\n<title>Invitation - Business Day AI Action Summit<\/title>\n<meta name=\"robots\" content=\"index, follow, max-snippet:-1, max-image-preview:large, max-video-preview:-1\" \/>\n<link rel=\"canonical\" href=\"https:\/\/ai-business-day.org\/fr\/tickets\/\" \/>\n<meta property=\"og:locale\" content=\"fr_FR\" \/>\n<meta property=\"og:type\" content=\"article\" \/>\n<meta property=\"og:title\" content=\"Invitation - Business Day AI Action Summit\" \/>\n<meta property=\"og:url\" content=\"https:\/\/ai-business-day.org\/fr\/tickets\/\" \/>\n<meta property=\"og:site_name\" content=\"Business Day AI Action Summit\" \/>\n<meta property=\"article:modified_time\" content=\"2025-02-07T09:36:58+00:00\" \/>\n<meta name=\"twitter:card\" content=\"summary_large_image\" \/>\n<script type=\"application\/ld+json\" class=\"yoast-schema-graph\">{\"@context\":\"https:\\\/\\\/schema.org\",\"@graph\":[{\"@type\":\"WebPage\",\"@id\":\"https:\\\/\\\/ai-business-day.org\\\/fr\\\/tickets\\\/\",\"url\":\"https:\\\/\\\/ai-business-day.org\\\/fr\\\/tickets\\\/\",\"name\":\"Invitation - Business Day AI Action Summit\",\"isPartOf\":{\"@id\":\"https:\\\/\\\/ai-business-day.org\\\/#website\"},\"datePublished\":\"2025-01-17T14:38:59+00:00\",\"dateModified\":\"2025-02-07T09:36:58+00:00\",\"breadcrumb\":{\"@id\":\"https:\\\/\\\/ai-business-day.org\\\/fr\\\/tickets\\\/#breadcrumb\"},\"inLanguage\":\"fr-FR\",\"potentialAction\":[{\"@type\":\"ReadAction\",\"target\":[\"https:\\\/\\\/ai-business-day.org\\\/fr\\\/tickets\\\/\"]}]},{\"@type\":\"BreadcrumbList\",\"@id\":\"https:\\\/\\\/ai-business-day.org\\\/fr\\\/tickets\\\/#breadcrumb\",\"itemListElement\":[{\"@type\":\"ListItem\",\"position\":1,\"name\":\"Home\",\"item\":\"https:\\\/\\\/ai-business-day.org\\\/fr\\\/\"},{\"@type\":\"ListItem\",\"position\":2,\"name\":\"Invitation\"}]},{\"@type\":\"WebSite\",\"@id\":\"https:\\\/\\\/ai-business-day.org\\\/#website\",\"url\":\"https:\\\/\\\/ai-business-day.org\\\/\",\"name\":\"Business Day AI Action Summit\",\"description\":\"\",\"potentialAction\":[{\"@type\":\"SearchAction\",\"target\":{\"@type\":\"EntryPoint\",\"urlTemplate\":\"https:\\\/\\\/ai-business-day.org\\\/?s={search_term_string}\"},\"query-input\":{\"@type\":\"PropertyValueSpecification\",\"valueRequired\":true,\"valueName\":\"search_term_string\"}}],\"inLanguage\":\"fr-FR\"}]}<\/script>\n<!-- \/ Yoast SEO plugin. -->","yoast_head_json":{"title":"Invitation - Business Day AI Action Summit","robots":{"index":"index","follow":"follow","max-snippet":"max-snippet:-1","max-image-preview":"max-image-preview:large","max-video-preview":"max-video-preview:-1"},"canonical":"https:\/\/ai-business-day.org\/fr\/tickets\/","og_locale":"fr_FR","og_type":"article","og_title":"Invitation - Business Day AI Action Summit","og_url":"https:\/\/ai-business-day.org\/fr\/tickets\/","og_site_name":"Business Day AI Action Summit","article_modified_time":"2025-02-07T09:36:58+00:00","twitter_card":"summary_large_image","schema":{"@context":"https:\/\/schema.org","@graph":[{"@type":"WebPage","@id":"https:\/\/ai-business-day.org\/fr\/tickets\/","url":"https:\/\/ai-business-day.org\/fr\/tickets\/","name":"Invitation - Business Day AI Action Summit","isPartOf":{"@id":"https:\/\/ai-business-day.org\/#website"},"datePublished":"2025-01-17T14:38:59+00:00","dateModified":"2025-02-07T09:36:58+00:00","breadcrumb":{"@id":"https:\/\/ai-business-day.org\/fr\/tickets\/#breadcrumb"},"inLanguage":"fr-FR","potentialAction":[{"@type":"ReadAction","target":["https:\/\/ai-business-day.org\/fr\/tickets\/"]}]},{"@type":"BreadcrumbList","@id":"https:\/\/ai-business-day.org\/fr\/tickets\/#breadcrumb","itemListElement":[{"@type":"ListItem","position":1,"name":"Home","item":"https:\/\/ai-business-day.org\/fr\/"},{"@type":"ListItem","position":2,"name":"Invitation"}]},{"@type":"WebSite","@id":"https:\/\/ai-business-day.org\/#website","url":"https:\/\/ai-business-day.org\/","name":"Business Day AI Action Summit","description":"","potentialAction":[{"@type":"SearchAction","target":{"@type":"EntryPoint","urlTemplate":"https:\/\/ai-business-day.org\/?s={search_term_string}"},"query-input":{"@type":"PropertyValueSpecification","valueRequired":true,"valueName":"search_term_string"}}],"inLanguage":"fr-FR"}]}},"_links":{"self":[{"href":"https:\/\/ai-business-day.org\/fr\/wp-json\/wp\/v2\/pages\/226","targetHints":{"allow":["GET"]}}],"collection":[{"href":"https:\/\/ai-business-day.org\/fr\/wp-json\/wp\/v2\/pages"}],"about":[{"href":"https:\/\/ai-business-day.org\/fr\/wp-json\/wp\/v2\/types\/page"}],"author":[{"embeddable":true,"href":"https:\/\/ai-business-day.org\/fr\/wp-json\/wp\/v2\/users\/1"}],"replies":[{"embeddable":true,"href":"https:\/\/ai-business-day.org\/fr\/wp-json\/wp\/v2\/comments?post=226"}],"version-history":[{"count":22,"href":"https:\/\/ai-business-day.org\/fr\/wp-json\/wp\/v2\/pages\/226\/revisions"}],"predecessor-version":[{"id":1297,"href":"https:\/\/ai-business-day.org\/fr\/wp-json\/wp\/v2\/pages\/226\/revisions\/1297"}],"wp:attachment":[{"href":"https:\/\/ai-business-day.org\/fr\/wp-json\/wp\/v2\/media?parent=226"}],"curies":[{"name":"wp","href":"https:\/\/api.w.org\/{rel}","templated":true}]}}