{"id":225,"date":"2025-01-17T21:13:55","date_gmt":"2025-01-17T20:13:55","guid":{"rendered":"http:\/\/localhost:8888\/fd-businessday\/terms-of-service\/"},"modified":"2025-02-06T12:39:30","modified_gmt":"2025-02-06T11:39:30","slug":"terms-of-service","status":"publish","type":"page","link":"https:\/\/ai-business-day.org\/fr\/terms-of-service\/","title":{"rendered":"Politique de confidentialit\u00e9"},"content":{"rendered":"\r\n<section  id=\"ac-block_031f19f596b7709fd30f52d4ab2c7dc2\" \r\n    class=\"block-content-simple  \">\r\n\r\n    <div class=\"container\">\r\n                    <h2 class=\"title\"><p><strong>Politique de confidentialit\u00e9<\/strong><\/p>\n<\/h2>\r\n        \r\n        <div class=\"content style-normal\">\r\n            <p><span style=\"font-weight: 400;\">La pr\u00e9sente politique de confidentialit\u00e9 d\u00e9finit et vous informe de la mani\u00e8re dont les organisateurs de l&rsquo;\u00e9v\u00e9nement Business Day collectent et traitent les donn\u00e9es personnelles que vous leur transmettez pour vous inscrire \u00e0 l&rsquo;\u00e9v\u00e9nement.<\/span><\/p>\n<p><span style=\"font-weight: 400;\">Veuillez noter que cette politique de confidentialit\u00e9 est susceptible d\u2019\u00eatre modifi\u00e9e ou compl\u00e9t\u00e9e \u00e0 tout moment par les organisateurs, notamment en vue de se conformer \u00e0 toute \u00e9volution l\u00e9gislative, r\u00e9glementaire, jurisprudentielle ou technologique. Dans un tel cas, la date de sa mise \u00e0 jour sera clairement identifi\u00e9e en t\u00eate de la pr\u00e9sente politique. Ces modifications sont appliqu\u00e9es aux invit\u00e9s d\u00e8s la mise en ligne. L\u2019invit\u00e9 doit ainsi consulter r\u00e9guli\u00e8rement la pr\u00e9sente politique de confidentialit\u00e9.<\/span><\/p>\n<p><b><i>I \u2013 RESPONSABLES DU TRAITEMENT<\/i><\/b><\/p>\n<p><span style=\"font-weight: 400;\">Le Business Day est organis\u00e9 par plusieurs organisations qui agissent en tant que responsables du traitement conjoints sur le traitement des donn\u00e9es personnelles des invit\u00e9s.<\/span><\/p>\n<p><span style=\"font-weight: 400;\">Les organisateurs sont\u00a0:<\/span><\/p>\n<ul>\n<li style=\"font-weight: 400;\" aria-level=\"1\"><span style=\"font-weight: 400;\">Bpifrance (SIREN\u00a0: 320 252 489) dont les coordonn\u00e9es sont\u00a027-31 avenue du G\u00e9n\u00e9ral Leclerc 94710 Maisons-Alfort &#8211; <\/span><a href=\"mailto:donneespresonnelles@bpifrance.fr\"><span style=\"font-weight: 400;\">donneespresonnelles@bpifrance.fr<\/span><\/a><span style=\"font-weight: 400;\"> ;<\/span><\/li>\n<li style=\"font-weight: 400;\" aria-level=\"1\"><span style=\"font-weight: 400;\">France Digitale (SIREN\u00a0: 791 772 445) dont les coordonn\u00e9es sont\u00a0: 12 rue Vivienne 75002 Paris &#8211; <\/span><a href=\"mailto:privacy@francedigitale.org\"><span style=\"font-weight: 400;\">privacy@francedigitale.org<\/span><\/a> <span style=\"font-weight: 400;\">;\u00a0<\/span><\/li>\n<li style=\"font-weight: 400;\" aria-level=\"1\"><span style=\"font-weight: 400;\">Numeum (384\u00a0719 001) dont les coordonn\u00e9es sont\u00a0: 22-28 rue Joubert, 75009 Paris &#8211; <\/span><a href=\"mailto:contact@numeum.fr\"><span style=\"font-weight: 400;\">contact@numeum.fr<\/span><\/a><span style=\"font-weight: 400;\"> ;<\/span><\/li>\n<li style=\"font-weight: 400;\" aria-level=\"1\"><span style=\"font-weight: 400;\">Station F (794 493\u00a0841) dont les coordonn\u00e9es sont\u00a0: 16 rue de la Ville l&rsquo;Ev\u00eaque 75008 Paris &#8211; <\/span><a href=\"mailto:privacy@stationf.co\"><span style=\"font-weight: 400;\">privacy@stationf.co<\/span><\/a><span style=\"font-weight: 400;\">\u00a0<\/span><\/li>\n<\/ul>\n<p><span style=\"font-weight: 400;\">Avec le soutien de la <\/span>Direction G\u00e9n\u00e9rale des Entreprises dont les coordonn\u00e9es sont : 139 rue de Bercy\u00a0<span style=\"font-weight: 400;\">75572 Paris Cedex 12 &#8211;<\/span> <a href=\"mailto:ai-action-summit.dge@finances.gouv.fr\"><span style=\"font-weight: 400;\">ai-action-summit.dge@finances.gouv.fr<\/span><\/a><\/p>\n<p>&nbsp;<\/p>\n<p><b><i>II &#8211; DONN\u00c9ES PERSONNELLES<\/i><\/b><\/p>\n<p><span style=\"font-weight: 400;\">Un organisateur (ou un partenaire de l\u2019un des organisateurs) peut vous proposer de vous inscrire au Business Day en cliquant sur un lien qu\u2019il vous partage. Lors de votre inscription, vous devrez renseigner certaines donn\u00e9es personnelles sur la plateforme de notre prestataire Eventbrite. Les donn\u00e9es n\u00e9cessaires \u00e0 la validation de votre inscription sont indiqu\u00e9es par un ast\u00e9risque.\u00a0<\/span><\/p>\n<p><span style=\"font-weight: 400;\">Conform\u00e9ment au R\u00e8glement G\u00e9n\u00e9ral sur la Protection des Donn\u00e9es (General Data Protection R\u00e9gulation) adopt\u00e9 par le Parlement europ\u00e9en le 14 avril 2016, et \u00e0 la Loi Informatique et Libert\u00e9s du 6 janvier 1978 modifi\u00e9e, les organisateurs vous informent des points suivants :<\/span><\/p>\n<p><b><i>III &#8211; FINALIT\u00c9S DU TRAITEMENT<\/i><\/b><\/p>\n<p><span style=\"font-weight: 400;\">Les organisateurs sont susceptibles de traiter vos donn\u00e9es personnelles :<\/span><\/p>\n<p><span style=\"font-weight: 400;\">En se fondant sur l\u2019ex\u00e9cution de mesures pr\u00e9contractuelles prises \u00e0 votre demande ou d&rsquo;un contrat auquel vous \u00eates parti\u00a0: g\u00e9rer votre inscription \u00e0 l\u2019\u00e9v\u00e8nement AI Business Day et vous accueillir lors de l\u2019\u00e9v\u00e8nement ;<\/span><\/p>\n<ul>\n<li style=\"font-weight: 400;\" aria-level=\"1\"><span style=\"font-weight: 400;\">En se fondant sur leur int\u00e9r\u00eat l\u00e9gitime\u00a0:<\/span>\n<ul>\n<li style=\"font-weight: 400;\" aria-level=\"2\"><span style=\"font-weight: 400;\">g\u00e9rer l\u2019organisation de l&rsquo;\u00e9v\u00e9nement Business Day;<\/span><\/li>\n<li style=\"font-weight: 400;\" aria-level=\"2\"><span style=\"font-weight: 400;\">suivre les inscriptions des invit\u00e9s et v\u00e9rifier que les inscrits ont bien \u00e9t\u00e9 invit\u00e9s\u00a0par un organisateur de l\u2019\u00e9v\u00e8nement\u00a0AI Business Day\u00a0;<\/span><\/li>\n<li style=\"font-weight: 400;\" aria-level=\"2\"><span style=\"font-weight: 400;\">\u00e9tablir des statistiques sur les nombres d\u2019inscrits\u00a0;<\/span><\/li>\n<li style=\"font-weight: 400;\" aria-level=\"2\"><span style=\"font-weight: 400;\">g\u00e9rer ou r\u00e9pondre \u00e0 d\u2019\u00e9ventuels litiges ou r\u00e9quisitions judiciaires\u00a0;<\/span><\/li>\n<li style=\"font-weight: 400;\" aria-level=\"2\"><span style=\"font-weight: 400;\">assurer la s\u00e9curit\u00e9 de l\u2019\u00e9v\u00e8nement.<\/span><\/li>\n<\/ul>\n<\/li>\n<li style=\"font-weight: 400;\" aria-level=\"1\"><span style=\"font-weight: 400;\">En se fondant sur votre consentement\u00a0:\u00a0<\/span>\n<ul>\n<li style=\"font-weight: 400;\" aria-level=\"2\"><span style=\"font-weight: 400;\">transmettre vos donn\u00e9es personnelles aux partenaires de l&rsquo;\u00e9v\u00e9nement pour r\u00e9aliser des actions marketing\u00a0;<\/span><\/li>\n<li style=\"font-weight: 400;\" aria-level=\"2\"><span style=\"font-weight: 400;\">transmettre vos donn\u00e9es personnelles aux partenaires de l\u2019\u00e9v\u00e8nement, aux organisateurs et\/ou aux inscrits pour leur permettre d\u2019organiser des rendez-vous lors de l&rsquo;\u00e9v\u00e9nement.<\/span><\/li>\n<\/ul>\n<\/li>\n<\/ul>\n<p><b><i>IV &#8211; DESTINATAIRES<\/i><\/b><\/p>\n<p><span style=\"font-weight: 400;\">France Digitale g\u00e8re les inscriptions de tous les organisateurs. Ainsi, toutes les donn\u00e9es personnelles des personnes inscrites \u00e0 l&rsquo;\u00e9v\u00e9nement sont transmises \u00e0 France Digitale. Vos donn\u00e9es personnelles sont ensuite transmises par France Digitale au co-organisateur qui vous a invit\u00e9. Sauf accord de votre part, aucune de vos donn\u00e9es personnelles n\u2019est communiqu\u00e9e \u00e0 un autre organisateur ou \u00e0 un partenaire.<\/span><\/p>\n<p><span style=\"font-weight: 400;\">Vos donn\u00e9es personnelles sont aussi transmises aux prestataires de services tiers des organisateurs, notamment des prestataires en charge de la plateforme de gestion de la billetterie (Eventbrite), du suivi des inscriptions, du stockage des donn\u00e9es, de l&rsquo;analyse des donn\u00e9es.\u00a0<\/span><\/p>\n<p><span style=\"font-weight: 400;\">A des fins de s\u00e9curit\u00e9, vos donn\u00e9es personnelles seront aussi transmises aux services concern\u00e9s de l\u2019Etat.<\/span><\/p>\n<p><b><i>V &#8211; DUR\u00c9E DE CONSERVATION<\/i><\/b><\/p>\n<p><span style=\"font-weight: 400;\">Vos donn\u00e9es personnelles sont conserv\u00e9es par les organisateurs pendant la dur\u00e9e de l&rsquo;\u00e9v\u00e9nement. Elles sont supprim\u00e9es trente (30) jours apr\u00e8s la fin de l\u2019\u00e9v\u00e8nement . Lorsque vous avez accept\u00e9 d\u2019\u00eatre contact\u00e9 par les partenaires, les organisateurs et les inscrits, vos donn\u00e9es personnelles peuvent \u00eatre conserv\u00e9es par ces personnes pour une dur\u00e9e plus longue selon les informations qui vous ont \u00e9t\u00e9 fournies.<\/span><\/p>\n<p><b><i>VI &#8211; DROITS\u00a0<\/i><\/b><\/p>\n<p><span style=\"font-weight: 400;\">Vous disposez de diff\u00e9rents droits concernant vos donn\u00e9es personnelles, que vous pouvez exercer en \u00e9crivant \u00e0 l\u2019organisateur qui vous a invit\u00e9 \u00e0 l&rsquo;\u00e9v\u00e9nement, dont les coordonn\u00e9es sont disponibles ci-dessus.<\/span><\/p>\n<p><span style=\"font-weight: 400;\">Vos droits sont les suivants\u00a0:<\/span><\/p>\n<ul>\n<li style=\"font-weight: 400;\" aria-level=\"1\"><span style=\"font-weight: 400;\">Un droit d\u2019acc\u00e8s\u00a0: vous avez le droit d\u2019acc\u00e9der aux donn\u00e9es personnelles dont nous disposons sur vous et d\u2019en obtenir une copie.\u00a0<\/span><\/li>\n<li style=\"font-weight: 400;\" aria-level=\"1\"><span style=\"font-weight: 400;\">Un droit de rectification\u00a0: si les donn\u00e9es que vous nous avez communiqu\u00e9es sont incorrectes ou incompl\u00e8tes, vous avez le droit d\u2019exiger que vos donn\u00e9es personnelles soient rectifi\u00e9es et\/ou compl\u00e9t\u00e9es.<\/span><\/li>\n<li style=\"font-weight: 400;\" aria-level=\"1\"><span style=\"font-weight: 400;\">Un droit \u00e0 l\u2019effacement de tout ou partie des donn\u00e9es personnelles : dans certains cas, vous avez le droit d\u2019obtenir l\u2019effacement ou la suppression de vos donn\u00e9es personnelles. Cependant, nous pouvons conserver certaines de vos donn\u00e9es personnelles pour des motifs l\u00e9gaux ou l\u00e9gitimes.<\/span><\/li>\n<li style=\"font-weight: 400;\" aria-level=\"1\"><span style=\"font-weight: 400;\">Un droit d\u2019opposition\u00a0: vous pouvez vous opposer au traitement de vos donn\u00e9es personnelles lorsque la raison du traitement est l\u2019int\u00e9r\u00eat l\u00e9gitime.<\/span><\/li>\n<li style=\"font-weight: 400;\" aria-level=\"1\"><span style=\"font-weight: 400;\">Un droit \u00e0 la limitation du traitement de vos donn\u00e9es personnelles\u00a0: en fonction des circonstances, vous pouvez nous demander de ne plus utiliser vos donn\u00e9es personnelles pour certains des objectifs ou tous les objectifs.<\/span><\/li>\n<li style=\"font-weight: 400;\" aria-level=\"1\"><span style=\"font-weight: 400;\">Un droit \u00e0 la portabilit\u00e9\u00a0: vous pouvez nous demander une copie des donn\u00e9es personnelles que nous avons recueillies directement ou indirectement, uniquement lorsque le traitement est fond\u00e9 sur votre consentement ou l\u2019ex\u00e9cution d\u2019un contrat et qu\u2019il est effectu\u00e9 \u00e0 l&rsquo;aide de proc\u00e9d\u00e9s automatis\u00e9s.<\/span><\/li>\n<li style=\"font-weight: 400;\" aria-level=\"1\"><span style=\"font-weight: 400;\">Un droit de ne pas faire l\u2019objet d\u2019un profilage\u00a0: vous pouvez refuser de faire l\u2019objet d\u2019une d\u00e9cision fond\u00e9e exclusivement sur un traitement automatis\u00e9.<\/span><\/li>\n<li style=\"font-weight: 400;\" aria-level=\"1\"><span style=\"font-weight: 400;\">Un droit d\u2019opposition \u00e0 la prospection commerciale\u00a0:\u00a0vous pouvez, \u00e0 tout moment, vous d\u00e9sinscrire ou vous opposer \u00e0 la r\u00e9ception des messages de prospection commerciale de notre part ou de celles de nos partenaires commerciaux. Il suffit de cliquer sur le lien pr\u00e9sent dans le bas de page des messages \u00e9lectroniques que vous recevez.<\/span><\/li>\n<li style=\"font-weight: 400;\" aria-level=\"1\"><span style=\"font-weight: 400;\">Un droit de nous faire parvenir des directives : concernant les modalit\u00e9s de traitement de vos donn\u00e9es personnelles apr\u00e8s votre mort. Les directives peuvent \u00eatre g\u00e9n\u00e9rales ou particuli\u00e8res.<\/span><\/li>\n<\/ul>\n<p>&nbsp;<\/p>\n<p><span style=\"font-weight: 400;\">Les organisateurs s\u2019engagent \u00e0 r\u00e9pondre \u00e0 votre demande d\u2019exercice de droit dans un d\u00e9lai raisonnable qui ne saurait d\u00e9passer 1 mois \u00e0 compter de la r\u00e9ception de votre demande.<\/span><\/p>\n<p><b><i>VII &#8211; PRESTATAIRES HABILIT\u00c9S ET TRANSFERT VERS UN PAYS TIERS DE L\u2019UNION EUROP\u00c9ENNE<\/i><\/b><\/p>\n<p><span style=\"font-weight: 400;\">Les organisateurs peuvent avoir recours \u00e0 des prestataires situ\u00e9s en dehors de l\u2019Union Europ\u00e9enne. Si ces prestataires traitent des donn\u00e9es personnelles, les organisateurs se sont pr\u00e9alablement assur\u00e9s de la mise en \u0153uvre par ses prestataires de garanties ad\u00e9quates et du respect de conditions strictes en mati\u00e8re de confidentialit\u00e9, d\u2019usage et de protection des donn\u00e9es. Tout particuli\u00e8rement, la vigilance s\u2019est port\u00e9e sur l\u2019existence d\u2019un fondement l\u00e9gal pour effectuer un quelconque transfert de donn\u00e9es vers un pays tiers.<\/span><\/p>\n<p><b><i>VIII &#8211; PLAINTE AUPR\u00c8S DE L\u2019AUTORIT\u00c9 COMP\u00c9TENTE<\/i><\/b><\/p>\n<p><span style=\"font-weight: 400;\">Si vous consid\u00e9rez qu\u2019un organisateur ne respecte pas ses obligations au regard de vos donn\u00e9es personnelles, vous pouvez adresser une plainte ou une demande aupr\u00e8s de l\u2019autorit\u00e9 comp\u00e9tente. En France, l\u2019autorit\u00e9 comp\u00e9tente est la CNIL \u00e0 laquelle vous pouvez adresser une demande par voie \u00e9lectronique en cliquant sur le lien suivant :\u00a0<\/span><a href=\"https:\/\/www.cnil.fr\/fr\/plaintes\/internet\"><span style=\"font-weight: 400;\">https:\/\/www.cnil.fr\/fr\/plaintes\/internet<\/span><\/a><span style=\"font-weight: 400;\">.<\/span><\/p>\n        <\/div>\r\n\r\n                \r\n    <\/div>\r\n    \r\n<\/section>\r\n","protected":false},"excerpt":{"rendered":"","protected":false},"author":1,"featured_media":0,"parent":0,"menu_order":0,"comment_status":"closed","ping_status":"closed","template":"","meta":{"_acf_changed":false,"footnotes":""},"class_list":["post-225","page","type-page","status-publish","hentry"],"acf":[],"yoast_head":"<!-- This site is optimized with the Yoast SEO plugin v27.3 - https:\/\/yoast.com\/product\/yoast-seo-wordpress\/ -->\n<title>Politique de confidentialit\u00e9 - Business Day AI Action Summit<\/title>\n<meta name=\"robots\" content=\"index, follow, max-snippet:-1, max-image-preview:large, max-video-preview:-1\" \/>\n<link rel=\"canonical\" href=\"https:\/\/ai-business-day.org\/fr\/terms-of-service\/\" \/>\n<meta property=\"og:locale\" content=\"fr_FR\" \/>\n<meta property=\"og:type\" content=\"article\" \/>\n<meta property=\"og:title\" content=\"Politique de confidentialit\u00e9 - Business Day AI Action Summit\" \/>\n<meta property=\"og:url\" content=\"https:\/\/ai-business-day.org\/fr\/terms-of-service\/\" \/>\n<meta property=\"og:site_name\" content=\"Business Day AI Action Summit\" \/>\n<meta property=\"article:modified_time\" content=\"2025-02-06T11:39:30+00:00\" \/>\n<meta name=\"twitter:card\" content=\"summary_large_image\" \/>\n<script type=\"application\/ld+json\" class=\"yoast-schema-graph\">{\"@context\":\"https:\\\/\\\/schema.org\",\"@graph\":[{\"@type\":\"WebPage\",\"@id\":\"https:\\\/\\\/ai-business-day.org\\\/fr\\\/terms-of-service\\\/\",\"url\":\"https:\\\/\\\/ai-business-day.org\\\/fr\\\/terms-of-service\\\/\",\"name\":\"Politique de confidentialit\u00e9 - Business Day AI Action Summit\",\"isPartOf\":{\"@id\":\"https:\\\/\\\/ai-business-day.org\\\/#website\"},\"datePublished\":\"2025-01-17T20:13:55+00:00\",\"dateModified\":\"2025-02-06T11:39:30+00:00\",\"breadcrumb\":{\"@id\":\"https:\\\/\\\/ai-business-day.org\\\/fr\\\/terms-of-service\\\/#breadcrumb\"},\"inLanguage\":\"fr-FR\",\"potentialAction\":[{\"@type\":\"ReadAction\",\"target\":[\"https:\\\/\\\/ai-business-day.org\\\/fr\\\/terms-of-service\\\/\"]}]},{\"@type\":\"BreadcrumbList\",\"@id\":\"https:\\\/\\\/ai-business-day.org\\\/fr\\\/terms-of-service\\\/#breadcrumb\",\"itemListElement\":[{\"@type\":\"ListItem\",\"position\":1,\"name\":\"Home\",\"item\":\"https:\\\/\\\/ai-business-day.org\\\/fr\\\/\"},{\"@type\":\"ListItem\",\"position\":2,\"name\":\"Politique de confidentialit\u00e9\"}]},{\"@type\":\"WebSite\",\"@id\":\"https:\\\/\\\/ai-business-day.org\\\/#website\",\"url\":\"https:\\\/\\\/ai-business-day.org\\\/\",\"name\":\"Business Day AI Action Summit\",\"description\":\"\",\"potentialAction\":[{\"@type\":\"SearchAction\",\"target\":{\"@type\":\"EntryPoint\",\"urlTemplate\":\"https:\\\/\\\/ai-business-day.org\\\/?s={search_term_string}\"},\"query-input\":{\"@type\":\"PropertyValueSpecification\",\"valueRequired\":true,\"valueName\":\"search_term_string\"}}],\"inLanguage\":\"fr-FR\"}]}<\/script>\n<!-- \/ Yoast SEO plugin. -->","yoast_head_json":{"title":"Politique de confidentialit\u00e9 - Business Day AI Action Summit","robots":{"index":"index","follow":"follow","max-snippet":"max-snippet:-1","max-image-preview":"max-image-preview:large","max-video-preview":"max-video-preview:-1"},"canonical":"https:\/\/ai-business-day.org\/fr\/terms-of-service\/","og_locale":"fr_FR","og_type":"article","og_title":"Politique de confidentialit\u00e9 - Business Day AI Action Summit","og_url":"https:\/\/ai-business-day.org\/fr\/terms-of-service\/","og_site_name":"Business Day AI Action Summit","article_modified_time":"2025-02-06T11:39:30+00:00","twitter_card":"summary_large_image","schema":{"@context":"https:\/\/schema.org","@graph":[{"@type":"WebPage","@id":"https:\/\/ai-business-day.org\/fr\/terms-of-service\/","url":"https:\/\/ai-business-day.org\/fr\/terms-of-service\/","name":"Politique de confidentialit\u00e9 - Business Day AI Action Summit","isPartOf":{"@id":"https:\/\/ai-business-day.org\/#website"},"datePublished":"2025-01-17T20:13:55+00:00","dateModified":"2025-02-06T11:39:30+00:00","breadcrumb":{"@id":"https:\/\/ai-business-day.org\/fr\/terms-of-service\/#breadcrumb"},"inLanguage":"fr-FR","potentialAction":[{"@type":"ReadAction","target":["https:\/\/ai-business-day.org\/fr\/terms-of-service\/"]}]},{"@type":"BreadcrumbList","@id":"https:\/\/ai-business-day.org\/fr\/terms-of-service\/#breadcrumb","itemListElement":[{"@type":"ListItem","position":1,"name":"Home","item":"https:\/\/ai-business-day.org\/fr\/"},{"@type":"ListItem","position":2,"name":"Politique de confidentialit\u00e9"}]},{"@type":"WebSite","@id":"https:\/\/ai-business-day.org\/#website","url":"https:\/\/ai-business-day.org\/","name":"Business Day AI Action Summit","description":"","potentialAction":[{"@type":"SearchAction","target":{"@type":"EntryPoint","urlTemplate":"https:\/\/ai-business-day.org\/?s={search_term_string}"},"query-input":{"@type":"PropertyValueSpecification","valueRequired":true,"valueName":"search_term_string"}}],"inLanguage":"fr-FR"}]}},"_links":{"self":[{"href":"https:\/\/ai-business-day.org\/fr\/wp-json\/wp\/v2\/pages\/225","targetHints":{"allow":["GET"]}}],"collection":[{"href":"https:\/\/ai-business-day.org\/fr\/wp-json\/wp\/v2\/pages"}],"about":[{"href":"https:\/\/ai-business-day.org\/fr\/wp-json\/wp\/v2\/types\/page"}],"author":[{"embeddable":true,"href":"https:\/\/ai-business-day.org\/fr\/wp-json\/wp\/v2\/users\/1"}],"replies":[{"embeddable":true,"href":"https:\/\/ai-business-day.org\/fr\/wp-json\/wp\/v2\/comments?post=225"}],"version-history":[{"count":4,"href":"https:\/\/ai-business-day.org\/fr\/wp-json\/wp\/v2\/pages\/225\/revisions"}],"predecessor-version":[{"id":1225,"href":"https:\/\/ai-business-day.org\/fr\/wp-json\/wp\/v2\/pages\/225\/revisions\/1225"}],"wp:attachment":[{"href":"https:\/\/ai-business-day.org\/fr\/wp-json\/wp\/v2\/media?parent=225"}],"curies":[{"name":"wp","href":"https:\/\/api.w.org\/{rel}","templated":true}]}}